{"id":1216,"date":"2020-06-03T10:47:16","date_gmt":"2020-06-03T10:47:16","guid":{"rendered":"https:\/\/www.roscofruits.com\/?page_id=1216"},"modified":"2020-10-20T08:54:26","modified_gmt":"2020-10-20T08:54:26","slug":"noticies","status":"publish","type":"page","link":"https:\/\/www.roscofruits.com\/ca\/noticies\/","title":{"rendered":"Not\u00edcies"},"content":{"rendered":"<p>[et_pb_section fb_built=&#8221;1&#8243; custom_padding_last_edited=&#8221;on|desktop&#8221; next_background_color=&#8221;#ffffff&#8221; admin_label=&#8221;Coffee Menu&#8221; _builder_version=&#8221;4.2.2&#8243; background_color=&#8221;#8bd82d&#8221; background_enable_image=&#8221;off&#8221; custom_margin_tablet=&#8221;&#8221; custom_margin_phone=&#8221;&#8221; custom_margin_last_edited=&#8221;on|desktop&#8221; custom_padding=&#8221;120px||120px||false|false&#8221; custom_padding_tablet=&#8221;70px||70px||false|false&#8221; custom_padding_phone=&#8221;40px||40px||false|false&#8221; top_divider_color=&#8221;#FFFFFF&#8221; top_divider_height=&#8221;92px&#8221; bottom_divider_style=&#8221;curve&#8221; bottom_divider_height=&#8221;90px&#8221; bottom_divider_height_tablet=&#8221;45px&#8221; bottom_divider_height_phone=&#8221;34px&#8221; bottom_divider_height_last_edited=&#8221;on|tablet&#8221; locked=&#8221;off&#8221;][et_pb_row custom_padding_last_edited=&#8221;on|tablet&#8221; admin_label=&#8221;Section Header&#8221; _builder_version=&#8221;4.2.1&#8243; module_alignment=&#8221;center&#8221; custom_padding=&#8221;||||false|false&#8221; custom_padding_tablet=&#8221;&#8221; custom_padding_phone=&#8221;&#8221;][et_pb_column type=&#8221;4_4&#8243; _builder_version=&#8221;3.25&#8243; custom_padding=&#8221;|||&#8221; custom_padding__hover=&#8221;|||&#8221;][et_pb_text admin_label=&#8221;Tittle&#8221; _builder_version=&#8221;4.2.2&#8243; text_font=&#8221;gotham-rounded-bold|||||||#FFFFFF|&#8221; text_font_size=&#8221;48px&#8221; text_letter_spacing=&#8221;3px&#8221; text_line_height=&#8221;1.1em&#8221; header_font=&#8221;||||||||&#8221; header_2_font=&#8221;Oswald|||on|||||&#8221; header_2_text_align=&#8221;center&#8221; header_2_font_size=&#8221;40px&#8221; header_2_letter_spacing=&#8221;1px&#8221; header_2_line_height=&#8221;1.5em&#8221; header_3_font=&#8221;||||||||&#8221; text_orientation=&#8221;center&#8221; max_width=&#8221;900px&#8221; max_width_tablet=&#8221;&#8221; max_width_phone=&#8221;&#8221; max_width_last_edited=&#8221;on|phone&#8221; module_alignment=&#8221;center&#8221; custom_margin=&#8221;||50px||false|false&#8221; custom_margin_tablet=&#8221;||40px||false|false&#8221; custom_margin_phone=&#8221;||30px||false|false&#8221; custom_margin_last_edited=&#8221;on|phone&#8221; animation_style=&#8221;fade&#8221; text_font_size_tablet=&#8221;40px&#8221; text_font_size_phone=&#8221;40px&#8221; text_font_size_last_edited=&#8221;on|phone&#8221; text_letter_spacing_tablet=&#8221;&#8221; text_letter_spacing_phone=&#8221;3px&#8221; text_letter_spacing_last_edited=&#8221;on|phone&#8221; text_line_height_tablet=&#8221;1.1em&#8221; text_line_height_phone=&#8221;1.1em&#8221; text_line_height_last_edited=&#8221;on|tablet&#8221;]<\/p>\n<p><span style=\"color: #3d2d1d;\">NOT\u00cdCIES <\/span><span style=\"color: #ffffff;\"> ROSCO FRUITS<\/span><\/p>\n<p>[\/et_pb_text][et_pb_text disabled_on=&#8221;off|off|off&#8221; admin_label=&#8221;Subtittle&#8221; _builder_version=&#8221;4.2.2&#8243; text_font=&#8221;Nunito|700|||||||&#8221; text_font_size=&#8221;33px&#8221; text_line_height=&#8221;35px&#8221; header_font=&#8221;Oswald||||&#8221; header_font_size=&#8221;16px&#8221; header_letter_spacing=&#8221;2px&#8221; text_orientation=&#8221;center&#8221; max_width=&#8221;900px&#8221; max_width_tablet=&#8221;&#8221; max_width_phone=&#8221;&#8221; max_width_last_edited=&#8221;on|tablet&#8221; module_alignment=&#8221;center&#8221; custom_margin=&#8221;||30px||false|false&#8221; custom_margin_tablet=&#8221;||||false|false&#8221; custom_margin_phone=&#8221;||||false|false&#8221; custom_margin_last_edited=&#8221;on|tablet&#8221; text_font_size_tablet=&#8221;31px&#8221; text_font_size_phone=&#8221;25px&#8221; text_font_size_last_edited=&#8221;on|tablet&#8221; text_letter_spacing_tablet=&#8221;&#8221; text_letter_spacing_phone=&#8221;&#8221; text_letter_spacing_last_edited=&#8221;on|tablet&#8221; text_line_height_tablet=&#8221;38px&#8221; text_line_height_phone=&#8221;32.9px&#8221; text_line_height_last_edited=&#8221;on|phone&#8221;]<span style=\"color: #3d2d1d;\">Visita les not\u00edcies que parlen sobre nosaltres<\/span>[\/et_pb_text][\/et_pb_column][\/et_pb_row][\/et_pb_section][et_pb_section fb_built=&#8221;1&#8243; custom_padding_last_edited=&#8221;on|phone&#8221; module_class=&#8221;blog_igualado&#8221; _builder_version=&#8221;4.2.2&#8243; min_height=&#8221;100px&#8221; custom_padding=&#8221;||90px||false|false&#8221; custom_padding_tablet=&#8221;||65px||false|false&#8221; custom_padding_phone=&#8221;||50px||false|false&#8221; locked=&#8221;off&#8221;][et_pb_row make_equal=&#8221;on&#8221; _builder_version=&#8221;4.2.2&#8243; max_width=&#8221;1341px&#8221; max_width_tablet=&#8221;&#8221; max_width_phone=&#8221;&#8221; max_width_last_edited=&#8221;on|tablet&#8221; module_alignment=&#8221;center&#8221; height__hover_enabled=&#8221;on|desktop&#8221;][et_pb_column type=&#8221;4_4&#8243; _builder_version=&#8221;4.2.2&#8243;][et_pb_blog fullwidth=&#8221;off&#8221; posts_number=&#8221;50&#8243; include_categories=&#8221;all&#8221; show_author=&#8221;off&#8221; show_categories=&#8221;off&#8221; show_excerpt=&#8221;off&#8221; show_pagination=&#8221;off&#8221; _builder_version=&#8221;4.2.2&#8243; header_font=&#8221;Nunito|600|||||||&#8221; header_text_color=&#8221;#3d2d1d&#8221; header_font_size=&#8221;24px&#8221; header_line_height=&#8221;25px&#8221; link_option_url_new_window=&#8221;on&#8221; header_font_size_tablet=&#8221;23px&#8221; header_font_size_phone=&#8221;22px&#8221; header_font_size_last_edited=&#8221;on|desktop&#8221; header_line_height_tablet=&#8221;24px&#8221; header_line_height_phone=&#8221;24px&#8221; header_line_height_last_edited=&#8221;on|phone&#8221; border_radii=&#8221;on|15px|15px|15px|15px&#8221; border_color_all=&#8221;rgba(0,0,0,0.15)&#8221; border_width_all_image=&#8221;1px&#8221; border_color_all_image=&#8221;rgba(0,0,0,0.15)&#8221;][\/et_pb_blog][\/et_pb_column][\/et_pb_row][\/et_pb_section][et_pb_section fb_built=&#8221;1&#8243; admin_label=&#8221;Footer&#8221; _builder_version=&#8221;4.2.1&#8243; background_color_gradient_direction=&#8221;90deg&#8221; background_enable_image=&#8221;off&#8221; parallax=&#8221;on&#8221; custom_padding=&#8221;0px|0px|0px|0px&#8221; saved_tabs=&#8221;all&#8221; locked=&#8221;off&#8221;][et_pb_row column_structure=&#8221;1_2,1_2&#8243; use_custom_gutter=&#8221;on&#8221; gutter_width=&#8221;1&#8243; make_equal=&#8221;on&#8221; admin_label=&#8221;Footer Row&#8221; module_class=&#8221; et_pb_row_fullwidth&#8221; _builder_version=&#8221;4.2.2&#8243; width=&#8221;100%&#8221; width_tablet=&#8221;100%&#8221; width_phone=&#8221;&#8221; width_last_edited=&#8221;on|desktop&#8221; max_width=&#8221;100%&#8221; max_width_tablet=&#8221;100%&#8221; max_width_phone=&#8221;&#8221; max_width_last_edited=&#8221;on|desktop&#8221; custom_margin=&#8221;|||&#8221; custom_padding=&#8221;0px|0px|0px|0px&#8221; animation_style=&#8221;fade&#8221; make_fullwidth=&#8221;on&#8221;][et_pb_column type=&#8221;1_2&#8243; _builder_version=&#8221;4.2.1&#8243; background_color=&#8221;rgba(0,0,0,0.08)&#8221; background_enable_image=&#8221;off&#8221; background_blend=&#8221;multiply&#8221; custom_padding=&#8221;0px|0px|0px|0px|false|false&#8221; custom_padding_tablet=&#8221;&#8221; custom_padding_phone=&#8221;&#8221; custom_padding_last_edited=&#8221;on|phone&#8221; filter_hue_rotate=&#8221;351deg&#8221; filter_saturate=&#8221;92%&#8221; padding_last_edited=&#8221;on|phone&#8221; custom_padding__hover=&#8221;|||&#8221; filter_contrast__hover_enabled=&#8221;off|desktop&#8221; filter_saturate__hover_enabled=&#8221;off|desktop&#8221;][et_pb_code _builder_version=&#8221;4.2.2&#8243; background_color=&#8221;rgba(224,153,0,0)&#8221; width=&#8221;100%&#8221; max_width=&#8221;100%&#8221; module_alignment=&#8221;center&#8221; max_height_tablet=&#8221;&#8221; max_height_phone=&#8221;490px&#8221; max_height_last_edited=&#8221;on|phone&#8221; custom_margin=&#8221;|0px|||false|false&#8221; custom_padding=&#8221;|0px||0px|false|false&#8221;]<iframe loading=\"lazy\" src=\"https:\/\/www.google.com\/maps\/embed?pb=!1m18!1m12!1m3!1d382416.93526597816!2d0.06283699869898689!3d41.5122422677811!2m3!1f0!2f0!3f0!3m2!1i1024!2i768!4f13.1!3m3!1m2!1s0x0%3A0x0!2zNDHCsDM4JzAxLjAiTiAwwrAyMic1MS44IkU!5e0!3m2!1ses!2ses!4v1579882763760!5m2!1ses!2ses\" width=\"3000\" height=\"634'\" frameborder=\"0\" style=\"border:0;\" allowfullscreen=\"\"><\/iframe>[\/et_pb_code][\/et_pb_column][et_pb_column type=&#8221;1_2&#8243; _builder_version=&#8221;4.2.1&#8243; background_color=&#8221;#3d2d1d&#8221; custom_padding=&#8221;100px|10%|100px|10%&#8221; custom_padding__hover=&#8221;|||&#8221;][et_pb_text admin_label=&#8221;Texts&#8221; _builder_version=&#8221;4.2.2&#8243; text_font=&#8221;Oswald||||&#8221; link_font=&#8221;||||||||&#8221; ul_font=&#8221;||||||||&#8221; ol_font=&#8221;||||||||&#8221; quote_font=&#8221;||||||||&#8221; header_font=&#8221;||||||||&#8221; header_2_font=&#8221;gotham-rounded-bold|||on|||||&#8221; header_2_text_align=&#8221;left&#8221; header_2_font_size=&#8221;40px&#8221; header_2_letter_spacing=&#8221;2px&#8221; header_2_line_height=&#8221;1.5em&#8221; background_layout=&#8221;dark&#8221; custom_margin=&#8221;||4%|&#8221; custom_padding=&#8221;|||&#8221; animation_style=&#8221;fade&#8221; locked=&#8221;off&#8221;]<\/p>\n<h2>CONTACTE<\/h2>\n<p>[\/et_pb_text][et_pb_text admin_label=&#8221;Texts&#8221; _builder_version=&#8221;4.2.2&#8243; text_font=&#8221;Varela Round||||||||&#8221; text_font_size=&#8221;16px&#8221; header_font=&#8221;Oswald|||on|&#8221; header_text_color=&#8221;#DCA57D&#8221; header_font_size=&#8221;16px&#8221; header_letter_spacing=&#8221;2px&#8221; header_line_height=&#8221;1.7em&#8221; header_4_font=&#8221;gotham-rounded-bold|||on|||||&#8221; header_4_text_color=&#8221;#8bd82d&#8221; header_4_font_size=&#8221;16px&#8221; header_4_letter_spacing=&#8221;1px&#8221; header_4_line_height=&#8221;1.5em&#8221; background_layout=&#8221;dark&#8221; custom_margin=&#8221;||3%||false|false&#8221; custom_margin_tablet=&#8221;&#8221; custom_margin_phone=&#8221;&#8221; custom_margin_last_edited=&#8221;on|phone&#8221; locked=&#8221;off&#8221;]<\/p>\n<h4>Tel\u00e8fons<\/h4>\n<p>(+34) 973 190 985 \u00a0 I \u00a0 666 492 409<\/p>\n<p>[\/et_pb_text][et_pb_text admin_label=&#8221;Texts&#8221; _builder_version=&#8221;4.2.2&#8243; text_font=&#8221;Varela Round||||||||&#8221; text_font_size=&#8221;16px&#8221; header_font=&#8221;Oswald|||on|&#8221; header_text_color=&#8221;#DCA57D&#8221; header_font_size=&#8221;16px&#8221; header_letter_spacing=&#8221;2px&#8221; header_line_height=&#8221;1.7em&#8221; header_4_font=&#8221;gotham-rounded-bold|||on|||||&#8221; header_4_text_color=&#8221;#8bd82d&#8221; header_4_font_size=&#8221;16px&#8221; header_4_letter_spacing=&#8221;1px&#8221; header_4_line_height=&#8221;1.5em&#8221; background_layout=&#8221;dark&#8221; custom_margin=&#8221;||3%||false|false&#8221; custom_margin_tablet=&#8221;&#8221; custom_margin_phone=&#8221;&#8221; custom_margin_last_edited=&#8221;on|phone&#8221; locked=&#8221;off&#8221;]<\/p>\n<h4>EMAIL<\/h4>\n<p>comercial@roscofruits.com<\/p>\n<p>[\/et_pb_text][et_pb_text admin_label=&#8221;Texts&#8221; _builder_version=&#8221;4.2.2&#8243; text_font=&#8221;Varela Round||||||||&#8221; text_font_size=&#8221;16px&#8221; header_font=&#8221;Oswald|||on|&#8221; header_text_color=&#8221;#DCA57D&#8221; header_font_size=&#8221;16px&#8221; header_letter_spacing=&#8221;2px&#8221; header_line_height=&#8221;1.7em&#8221; header_4_font=&#8221;gotham-rounded-bold|||on|||||&#8221; header_4_text_color=&#8221;#8bd82d&#8221; header_4_font_size=&#8221;16px&#8221; header_4_letter_spacing=&#8221;1px&#8221; header_4_line_height=&#8221;1.5em&#8221; background_layout=&#8221;dark&#8221; custom_margin=&#8221;||3%||false|false&#8221; custom_margin_tablet=&#8221;&#8221; custom_margin_phone=&#8221;&#8221; custom_margin_last_edited=&#8221;on|phone&#8221; locked=&#8221;off&#8221;]<\/p>\n<h4>DIRECCI\u00d3<\/h4>\n<p>Terme municipal d&#8217;Alcarr\u00e0s, Pla de les Vaqueries s\/n<br \/> 25180 Lleida<\/p>\n<p>[\/et_pb_text][et_pb_text admin_label=&#8221;Texts&#8221; _builder_version=&#8221;4.2.2&#8243; text_font=&#8221;Varela Round||||||||&#8221; text_font_size=&#8221;16px&#8221; header_font=&#8221;Oswald|||on|&#8221; header_text_color=&#8221;#DCA57D&#8221; header_font_size=&#8221;16px&#8221; header_letter_spacing=&#8221;2px&#8221; header_line_height=&#8221;1.7em&#8221; header_4_font=&#8221;gotham-rounded-bold|||on|||||&#8221; header_4_text_color=&#8221;#8bd82d&#8221; header_4_font_size=&#8221;16px&#8221; header_4_letter_spacing=&#8221;1px&#8221; header_4_line_height=&#8221;1.5em&#8221; background_layout=&#8221;dark&#8221; custom_margin=&#8221;||7px||false|false&#8221; custom_margin_tablet=&#8221;||6px||false|false&#8221; custom_margin_phone=&#8221;||4px||false|false&#8221; custom_margin_last_edited=&#8221;on|phone&#8221; locked=&#8221;off&#8221;]<\/p>\n<h4>SEGUEIX-NOS A LES XARXES!<\/h4>\n<p>[\/et_pb_text][et_pb_text content_last_edited=&#8221;off|desktop&#8221; admin_label=&#8221;Texts&#8221; _builder_version=&#8221;4.2.2&#8243; text_font=&#8221;Varela Round||||||||&#8221; text_font_size=&#8221;16px&#8221; header_font=&#8221;Oswald|||on|&#8221; header_text_color=&#8221;#DCA57D&#8221; header_font_size=&#8221;16px&#8221; header_letter_spacing=&#8221;2px&#8221; header_line_height=&#8221;1.7em&#8221; header_4_font=&#8221;gotham-rounded-bold|||on|||||&#8221; header_4_text_color=&#8221;#8bd82d&#8221; header_4_font_size=&#8221;16px&#8221; header_4_letter_spacing=&#8221;1px&#8221; header_4_line_height=&#8221;1.5em&#8221; background_layout=&#8221;dark&#8221; custom_margin=&#8221;||0px||false|false&#8221; custom_margin_tablet=&#8221;&#8221; custom_margin_phone=&#8221;&#8221; custom_margin_last_edited=&#8221;on|phone&#8221; link_option_url_new_window=&#8221;on&#8221; locked=&#8221;off&#8221;]<\/p>\n<p><a href=\"https:\/\/www.facebook.com\/roscofruitss\" target=\"_blank\" rel=\"noopener noreferrer\"><img loading=\"lazy\" alt=\"Cambiar imagen\" height=\"31\" onmouseout=\"this.src='https:\/\/www.roscofruits.com\/wp-content\/uploads\/2020\/10\/facebook.svg';\" onmouseover=\"this.src='https:\/\/www.roscofruits.com\/wp-content\/uploads\/2020\/10\/facebookhover.svg';\" src=\"https:\/\/www.roscofruits.com\/wp-content\/uploads\/2020\/10\/facebook.svg\" width=\"31\" \/><\/a>\u00a0 \u00a0<a href=\"https:\/\/www.instagram.com\/roscofruits\/\" target=\"_blank\" rel=\"noopener noreferrer\"><img loading=\"lazy\" alt=\"Cambiar imagen\" height=\"31\" onmouseout=\"this.src='https:\/\/www.roscofruits.com\/wp-content\/uploads\/2020\/10\/instagram.svg';\" onmouseover=\"this.src='https:\/\/www.roscofruits.com\/wp-content\/uploads\/2020\/10\/instagramhover.svg';\" src=\"https:\/\/www.roscofruits.com\/wp-content\/uploads\/2020\/10\/instagram.svg\" width=\"31\" \/><\/a><\/p>\n<p>[\/et_pb_text][\/et_pb_column][\/et_pb_row][\/et_pb_section]<\/p>\n","protected":false},"excerpt":{"rendered":"<p>NOT\u00cdCIES ROSCO FRUITSVisita les not\u00edcies que parlen sobre nosaltresCONTACTETel\u00e8fons (+34) 973 190 985 \u00a0 I \u00a0 666 492 409EMAIL comercial@roscofruits.comDIRECCI\u00d3 Terme municipal d&#8217;Alcarr\u00e0s, Pla de les Vaqueries s\/n 25180 LleidaSEGUEIX-NOS A LES XARXES!\u00a0 \u00a0<\/p>\n","protected":false},"author":1,"featured_media":0,"parent":0,"menu_order":0,"comment_status":"closed","ping_status":"closed","template":"","meta":{"_et_pb_use_builder":"on","_et_pb_old_content":"","_et_gb_content_width":"","_mi_skip_tracking":false,"_links_to":"","_links_to_target":""},"_links":{"self":[{"href":"https:\/\/www.roscofruits.com\/ca\/wp-json\/wp\/v2\/pages\/1216"}],"collection":[{"href":"https:\/\/www.roscofruits.com\/ca\/wp-json\/wp\/v2\/pages"}],"about":[{"href":"https:\/\/www.roscofruits.com\/ca\/wp-json\/wp\/v2\/types\/page"}],"author":[{"embeddable":true,"href":"https:\/\/www.roscofruits.com\/ca\/wp-json\/wp\/v2\/users\/1"}],"replies":[{"embeddable":true,"href":"https:\/\/www.roscofruits.com\/ca\/wp-json\/wp\/v2\/comments?post=1216"}],"version-history":[{"count":7,"href":"https:\/\/www.roscofruits.com\/ca\/wp-json\/wp\/v2\/pages\/1216\/revisions"}],"predecessor-version":[{"id":1561,"href":"https:\/\/www.roscofruits.com\/ca\/wp-json\/wp\/v2\/pages\/1216\/revisions\/1561"}],"wp:attachment":[{"href":"https:\/\/www.roscofruits.com\/ca\/wp-json\/wp\/v2\/media?parent=1216"}],"curies":[{"name":"wp","href":"https:\/\/api.w.org\/{rel}","templated":true}]}}