{"id":1410,"date":"2020-06-04T07:18:05","date_gmt":"2020-06-04T07:18:05","guid":{"rendered":"https:\/\/www.roscofruits.com\/?page_id=1410"},"modified":"2020-10-20T09:20:56","modified_gmt":"2020-10-20T09:20:56","slug":"politica-de-privacitat","status":"publish","type":"page","link":"https:\/\/www.roscofruits.com\/ca\/politica-de-privacitat\/","title":{"rendered":"Pol\u00edtica de privacitat"},"content":{"rendered":"<p>[et_pb_section fb_built=&#8221;1&#8243; custom_padding_last_edited=&#8221;on|phone&#8221; admin_label=&#8221;Coffee Menu&#8221; _builder_version=&#8221;4.2.2&#8243; background_color=&#8221;#8bd82d&#8221; background_enable_image=&#8221;off&#8221; custom_margin_tablet=&#8221;&#8221; custom_margin_phone=&#8221;&#8221; custom_margin_last_edited=&#8221;on|desktop&#8221; custom_padding=&#8221;80px||80px||false|false&#8221; custom_padding_tablet=&#8221;70px||70px||false|false&#8221; custom_padding_phone=&#8221;50px||50px||false|false&#8221; top_divider_color=&#8221;#FFFFFF&#8221; top_divider_height=&#8221;92px&#8221; locked=&#8221;off&#8221;][et_pb_row custom_padding_last_edited=&#8221;on|tablet&#8221; admin_label=&#8221;Section Header&#8221; _builder_version=&#8221;4.2.1&#8243; module_alignment=&#8221;center&#8221; custom_padding=&#8221;||||false|false&#8221; custom_padding_tablet=&#8221;&#8221; custom_padding_phone=&#8221;&#8221;][et_pb_column type=&#8221;4_4&#8243; _builder_version=&#8221;3.25&#8243; custom_padding=&#8221;|||&#8221; custom_padding__hover=&#8221;|||&#8221;][et_pb_text admin_label=&#8221;Tittle&#8221; _builder_version=&#8221;4.2.2&#8243; text_font=&#8221;gotham-rounded-bold|||||||#FFFFFF|&#8221; text_font_size=&#8221;48px&#8221; text_letter_spacing=&#8221;3px&#8221; text_line_height=&#8221;1.1em&#8221; header_font=&#8221;||||||||&#8221; header_2_font=&#8221;Oswald|||on|||||&#8221; header_2_text_align=&#8221;center&#8221; header_2_font_size=&#8221;40px&#8221; header_2_letter_spacing=&#8221;1px&#8221; header_2_line_height=&#8221;1.5em&#8221; header_3_font=&#8221;||||||||&#8221; text_orientation=&#8221;center&#8221; max_width=&#8221;900px&#8221; max_width_last_edited=&#8221;off|desktop&#8221; module_alignment=&#8221;center&#8221; custom_margin=&#8221;|||&#8221; custom_margin_tablet=&#8221;&#8221; custom_margin_phone=&#8221;&#8221; custom_margin_last_edited=&#8221;on|desktop&#8221; animation_style=&#8221;fade&#8221; text_font_size_tablet=&#8221;40px&#8221; text_font_size_phone=&#8221;&#8221; text_font_size_last_edited=&#8221;on|phone&#8221; text_line_height_tablet=&#8221;1.1em&#8221; text_line_height_phone=&#8221;1.1em&#8221; text_line_height_last_edited=&#8221;on|tablet&#8221;]<\/p>\n<p><span style=\"color: #3d2d1d;\">POL\u00cdTICA<\/span><span style=\"color: #ffffff;\"> DE PRIVACITAT<\/span><\/p>\n<p>[\/et_pb_text][\/et_pb_column][\/et_pb_row][\/et_pb_section][et_pb_section fb_built=&#8221;1&#8243; admin_label=&#8221;Contact Form&#8221; _builder_version=&#8221;4.2.2&#8243; background_enable_image=&#8221;off&#8221; custom_margin=&#8221;|||&#8221; custom_padding=&#8221;||90px|&#8221; locked=&#8221;off&#8221;][et_pb_row custom_padding_last_edited=&#8221;on|tablet&#8221; admin_label=&#8221;Section Header&#8221; _builder_version=&#8221;4.2.2&#8243; module_alignment=&#8221;center&#8221; custom_padding=&#8221;0px||0px||false|false&#8221; custom_padding_tablet=&#8221;&#8221; custom_padding_phone=&#8221;0px||0px||false|false&#8221; locked=&#8221;off&#8221;][et_pb_column type=&#8221;4_4&#8243; _builder_version=&#8221;3.25&#8243; custom_padding=&#8221;|||&#8221; custom_padding__hover=&#8221;|||&#8221;][et_pb_text disabled_on=&#8221;off|off|off&#8221; admin_label=&#8221;Subtittle&#8221; _builder_version=&#8221;4.2.2&#8243; text_font=&#8221;Varela Round||||||||&#8221; text_font_size=&#8221;16px&#8221; text_line_height=&#8221;32.2px&#8221; header_font=&#8221;Oswald||||&#8221; header_font_size=&#8221;16px&#8221; header_letter_spacing=&#8221;2px&#8221; text_orientation=&#8221;center&#8221; max_width_tablet=&#8221;&#8221; max_width_phone=&#8221;97%&#8221; max_width_last_edited=&#8221;on|phone&#8221; module_alignment=&#8221;center&#8221; custom_margin=&#8221;55px||||false|false&#8221; custom_margin_tablet=&#8221;45px||||false|false&#8221; custom_margin_phone=&#8221;40px||||false|false&#8221; custom_margin_last_edited=&#8221;on|phone&#8221; text_font_size_tablet=&#8221;16px&#8221; text_font_size_phone=&#8221;15px&#8221; text_font_size_last_edited=&#8221;on|phone&#8221; text_line_height_tablet=&#8221;29.3px&#8221; text_line_height_phone=&#8221;27.9px&#8221; text_line_height_last_edited=&#8221;on|desktop&#8221;]<\/p>\n<p style=\"text-align: left;\"><a href=\"https:\/\/www.roscofruits.com\/\">www.roscofruits.com<\/a>, con objeto de proteger los derechos individuales, sobre todo en relaci\u00f3n con los tratamientos automatizados y con la voluntad de ser transparentes con el usuario, ha establecido una pol\u00edtica que recoge el conjunto de dichos tratamientos, los fines perseguidos por estos \u00faltimos, la legitimidad de los mismos y tambi\u00e9n los instrumentos a disposici\u00f3n del usuario para que pueda ejercer sus derechos.<\/p>\n<p style=\"text-align: left;\">La navegaci\u00f3n en este sitio web implica la aceptaci\u00f3n sin reservas de las siguientes disposiciones y condiciones de utilizaci\u00f3n. Se aceptar\u00e1 la utilizaci\u00f3n de cookies. Es caso de no estar de acuerdo env\u00ede un correo electr\u00f3nico a comercial@roscofruits.com<\/p>\n<p style=\"text-align: left;\">La versi\u00f3n actualizada de esta pol\u00edtica de privacidad es la \u00fanica aplicable durante la duraci\u00f3n del uso del sitio web hasta que no haya otra versi\u00f3n que la sustituya.<\/p>\n<p style=\"text-align: left;\">El usuario que facilite datos personales a trav\u00e9s de esta p\u00e1gina web queda informado de su incorporaci\u00f3n a los ficeros de <a href=\"https:\/\/www.roscofruits.com\/\">www.roscofruits.com<\/a><\/p>\n<p style=\"text-align: left;\">Para una mayor informaci\u00f3n complementaria sobre la proteccci\u00f3n de datos personales te invitamos a consultar la p\u00e1gina web de la AEPD (Agencia Espa\u00f1ola de Protecci\u00f3n de Datos) <a href=\"http:\/\/www.agpd.es\/portalwebAGPD\/index-ides-idphp.php\">http:\/\/www.agpd.es\/portalwebAGPD\/index-ides-idphp.php<\/a><\/p>\n<p style=\"text-align: left;\"><strong><\/strong><\/p>\n<p style=\"text-align: left;\"><strong>Recogida de datos<\/strong><\/p>\n<p style=\"text-align: left;\">Sus datos son recogidos por el TITULAR.<\/p>\n<p style=\"text-align: left;\">Un dato de cat\u00e1cter personal se refiere a toda la informaci\u00f3n referida a una persona f\u00edsica identificada o identificable (persona afectada). Se entiende como identificable una persona que pueda ser identificada, directa o indirectamente, sobre todo por referencia a un nombre, un n\u00famero de identificaci\u00f3n (DNI,NIF,NIE,pasaporte) o a uno o varios elementos especificos, propios a su identidad f\u00edsica, fisiol\u00f3gica, gen\u00e9tica, psiquica, econ\u00f3mica, cultural o social.<\/p>\n<p style=\"text-align: left;\"><strong><\/strong><\/p>\n<p style=\"text-align: left;\"><strong>\u00bfCon qu\u00e9 finalidad tratamos sus datos personales?<\/strong><\/p>\n<p style=\"text-align: left;\">La finalidad del tratamiento de los datos personales que se puedan recoger son usarlos principalmente por EL TITULAR para la gesti\u00f3n de su relaci\u00f3n con usted, poder ofrecerle productos y servicios de acuerdo con sus intereses, mejorar su experiencia de usuario y, en su caso, para el tratamiento de sus solicitudas, peticiones o pedidos. Se elaborar\u00e1 un perfil comercial en base a la informaci\u00f3n que nos facilite. No se realizar\u00e1n decisiones automatizadas en base a dicho perfil.<\/p>\n<p style=\"text-align: left;\">Los datos proporcionados se conservar\u00e1n mientras se mantenga la relaci\u00f3n comercial siempre que nos solicite por el interesado su supresi\u00f3n, o durante los a\u00f1os necesarios para cumplir las obligaciones legales.<\/p>\n<p style=\"text-align: left;\"><strong><\/strong><\/p>\n<p style=\"text-align: left;\"><strong>\u00bfCu\u00e1l es la legitimaci\u00f3n para el tratamiento de sus datos?<\/strong><\/p>\n<p style=\"text-align: left;\">La base legal para el tratamiento de sus datos personales es:<\/p>\n<p style=\"text-align: left;\">\u00b7 La correcta ejecuci\u00f3n o cumplimiento del contrato<br \/> \u00b7 El inter\u00e9s leg\u00edtimo del TITULAR<br \/> \u00b7 El consentmiento del usuario o cliente para el tratamiento de sus datos<\/p>\n<p style=\"text-align: left;\"><strong><\/strong><\/p>\n<p style=\"text-align: left;\"><strong>\u00bfA qu\u00e9 destinatarios se comunicar\u00e1n los datos?<\/strong><\/p>\n<p style=\"text-align: left;\">Los datos personales del Usuario podr\u00e1n eventualmente ser comunicados a terceros relacionados con el TITULAR por contrato para la realizaci\u00f3n de las tareas necesarias para la gesti\u00f3n de su cuenta como cliente y sin que tenga que dar su autorizaci\u00f3n.<br \/> Tambi\u00e9n cuando tuvieran que hacerse comunicacines a las autoridades en case de que el usuario hubiera realizado acciones contrarias a la Ley o infringiendo el contenido del aviso legal.<br \/> Los datos del usuario podr\u00e1n comunicarse a otras empresas del grupo, si las hubiese, para fines administrativos internos que podr\u00edan suponer un tratamiento de datos.<br \/> Cuando algunos datos sean obligatorios para acceder a funcionalidades concretas del sitio web, el TITULAR indicar\u00e1 dicho car\u00e1cter obligatorio en el momento de la recogida de datos del usuario.<\/p>\n<p style=\"text-align: left;\"><strong><\/strong><\/p>\n<p style=\"text-align: left;\"><strong>Derechos del usuario<\/strong><\/p>\n<p style=\"text-align: left;\">Se informa al usuario de la posibilidad de ejercer sus derechos de acceso, rectificaci\u00f3n, cancelaci\u00f3n y oposici\u00f3n. Tambi\u00e9n cada persona dispone del dereco de limitaci\u00f3n del tratamiento relativo a si persona, de un derecho de eliminaci\u00f3n de transferencia de datos personales transmitidos al responsable del tratamineto y del derecho a la portabilidad de sus datos.<\/p>\n<p style=\"text-align: left;\">El usuario tiene la posibilidad de presentar una reclamaci\u00f3n ante la AEPD ( Agencia Espa\u00f1ola de Protecci\u00f3n de Datos) u organismo competente de la representativa Comunidad Autonoma, cuando no haya obtenido una soluci\u00f3n satisfactoria en el ejercicio de sus derechos mediante unescrito dirigido a la misma.<\/p>\n<p style=\"text-align: left;\">Salvo que el usuario comunique su voluntad en contra, a la direcci\u00f3n de correo comercial@roscofruits.com, sus datos podr\u00e1n ser utilizados, en su caso, si procede, para el env\u00edo de informaci\u00f3n comercial de ORT BELL S.A.T<\/p>\n<p style=\"text-align: left;\">Los datos proporcionados se conservar\u00e1n mientras se mantenga la relaci\u00f3n comercial o durante los a\u00f1os necesarios para cumplir las obligaciones legales.<\/p>\n<p style=\"text-align: left;\">El usuario es responsable de que la informaci\u00f3n que proporcione a trav\u00e9s de esta p\u00e1gina web sea cierta, respondiendo de la veracidad de todos los datos que comunique y mantendr\u00e1 actualizada la misma para que respondan a una situaci\u00f3n real, siendo responsable de informaciones falsas o inexactas que proporcione y de los da\u00f1os, molestias y problemas que pudieran causar a ORT BELL S.A.T\u00a0o a terceros.<\/p>\n<p style=\"text-align: left;\">Sin prejuicio de lo anterior, dicha informaci\u00f3n ser\u00e1 guardada y gestionadacon la debida confidencialidad, aplicando las medidas de seguridad inform\u00e1tica necesarias para impedir el acceso o uso indebido de sus datos, su manipulaci\u00f3n, deterioro o p\u00e9rdida.<\/p>\n<p style=\"text-align: left;\">No obstante, el usuario debe tener en cuenta que la seguridad de los sistemas inform\u00e1ticos nunca es absoluta. Cuando se facilitan datos personales por internet, dicha informaci\u00f3n pudiera ser recogida sin su consenimiento y tratada por terceros no autorizados. ORT BELL S.A.T\u00a0declina cualquier tipo de responsabilidad sobre las consecuencias que dichos actos pdieran tener para el usuario, si public\u00f3 la informaci\u00f3n voluntariamente.<\/p>\n<p style=\"text-align: left;\">Podr\u00e1 acceder y ejercitar esos derechos mediante solucitud escrita y firmada que oidrla ser remitida al domicilio Carrer Nou, 8, 25110 Alpicat (Lleida).<\/p>\n<p style=\"text-align: left;\">Tambi\u00e9n podr\u00e1 ser remitida la solicitud al siguiente correo: comercial@roscofruits.com.<\/p>\n<p style=\"text-align: left;\">Estos derechos ser\u00e1n atendidos, en el plazo de 1 mes, que podr\u00e1 ampliarse a 2 meses si la complejidad de la solicitud o el n\u00famero de solicitudes recibidas as\u00ed lo exige. Todo ello sin perjuicio del deber de conservar ciertos datos en los terminos legales y hasta que perciban las eventuales responsabilidades derivadas de un posible tratamiento, o, en su caso, de una relaci\u00f3n contractual.<\/p>\n<p style=\"text-align: left;\">Adem\u00e1s de lo anterior, y en virtud de la normativa de protecci\u00f3n de datos, los usuarios que lo soliciten, tienen la posibilidad de organizar el destino de sus datos despu\u00e9s de su fallecimiento.<\/p>\n<p>[\/et_pb_text][\/et_pb_column][\/et_pb_row][\/et_pb_section][et_pb_section fb_built=&#8221;1&#8243; admin_label=&#8221;Footer&#8221; _builder_version=&#8221;4.2.1&#8243; background_color_gradient_direction=&#8221;90deg&#8221; background_enable_image=&#8221;off&#8221; parallax=&#8221;on&#8221; custom_padding=&#8221;0px|0px|0px|0px&#8221; saved_tabs=&#8221;all&#8221; locked=&#8221;off&#8221;][et_pb_row column_structure=&#8221;1_2,1_2&#8243; use_custom_gutter=&#8221;on&#8221; gutter_width=&#8221;1&#8243; make_equal=&#8221;on&#8221; admin_label=&#8221;Footer Row&#8221; module_class=&#8221; et_pb_row_fullwidth&#8221; _builder_version=&#8221;4.2.2&#8243; width=&#8221;100%&#8221; width_tablet=&#8221;100%&#8221; width_phone=&#8221;&#8221; width_last_edited=&#8221;on|desktop&#8221; max_width=&#8221;100%&#8221; max_width_tablet=&#8221;100%&#8221; max_width_phone=&#8221;&#8221; max_width_last_edited=&#8221;on|desktop&#8221; custom_margin=&#8221;|||&#8221; custom_padding=&#8221;0px|0px|0px|0px&#8221; animation_style=&#8221;fade&#8221; make_fullwidth=&#8221;on&#8221;][et_pb_column type=&#8221;1_2&#8243; _builder_version=&#8221;4.2.1&#8243; background_color=&#8221;rgba(0,0,0,0.08)&#8221; background_enable_image=&#8221;off&#8221; background_blend=&#8221;multiply&#8221; custom_padding=&#8221;0px|0px|0px|0px|false|false&#8221; custom_padding_tablet=&#8221;&#8221; custom_padding_phone=&#8221;&#8221; custom_padding_last_edited=&#8221;on|phone&#8221; filter_hue_rotate=&#8221;351deg&#8221; filter_saturate=&#8221;92%&#8221; padding_last_edited=&#8221;on|phone&#8221; custom_padding__hover=&#8221;|||&#8221; filter_contrast__hover_enabled=&#8221;off|desktop&#8221; filter_saturate__hover_enabled=&#8221;off|desktop&#8221;][et_pb_code _builder_version=&#8221;4.2.2&#8243; background_color=&#8221;rgba(224,153,0,0)&#8221; width=&#8221;100%&#8221; max_width=&#8221;100%&#8221; module_alignment=&#8221;center&#8221; max_height_tablet=&#8221;&#8221; max_height_phone=&#8221;490px&#8221; max_height_last_edited=&#8221;on|phone&#8221; custom_margin=&#8221;|0px|||false|false&#8221; custom_padding=&#8221;|0px||0px|false|false&#8221;]<iframe loading=\"lazy\" src=\"https:\/\/www.google.com\/maps\/embed?pb=!1m18!1m12!1m3!1d382416.93526597816!2d0.06283699869898689!3d41.5122422677811!2m3!1f0!2f0!3f0!3m2!1i1024!2i768!4f13.1!3m3!1m2!1s0x0%3A0x0!2zNDHCsDM4JzAxLjAiTiAwwrAyMic1MS44IkU!5e0!3m2!1ses!2ses!4v1579882763760!5m2!1ses!2ses\" width=\"3000\" height=\"634'\" frameborder=\"0\" style=\"border:0;\" allowfullscreen=\"\"><\/iframe>[\/et_pb_code][\/et_pb_column][et_pb_column type=&#8221;1_2&#8243; _builder_version=&#8221;4.2.1&#8243; background_color=&#8221;#3d2d1d&#8221; custom_padding=&#8221;100px|10%|100px|10%&#8221; custom_padding__hover=&#8221;|||&#8221;][et_pb_text admin_label=&#8221;Texts&#8221; _builder_version=&#8221;4.2.2&#8243; text_font=&#8221;Oswald||||&#8221; link_font=&#8221;||||||||&#8221; ul_font=&#8221;||||||||&#8221; ol_font=&#8221;||||||||&#8221; quote_font=&#8221;||||||||&#8221; header_font=&#8221;||||||||&#8221; header_2_font=&#8221;gotham-rounded-bold|||on|||||&#8221; header_2_text_align=&#8221;left&#8221; header_2_font_size=&#8221;40px&#8221; header_2_letter_spacing=&#8221;2px&#8221; header_2_line_height=&#8221;1.5em&#8221; background_layout=&#8221;dark&#8221; custom_margin=&#8221;||4%|&#8221; custom_padding=&#8221;|||&#8221; animation_style=&#8221;fade&#8221; locked=&#8221;off&#8221;]<\/p>\n<h2>CONTACTE<\/h2>\n<p>[\/et_pb_text][et_pb_text admin_label=&#8221;Texts&#8221; _builder_version=&#8221;4.2.2&#8243; text_font=&#8221;Varela Round||||||||&#8221; text_font_size=&#8221;16px&#8221; header_font=&#8221;Oswald|||on|&#8221; header_text_color=&#8221;#DCA57D&#8221; header_font_size=&#8221;16px&#8221; header_letter_spacing=&#8221;2px&#8221; header_line_height=&#8221;1.7em&#8221; header_4_font=&#8221;gotham-rounded-bold|||on|||||&#8221; header_4_text_color=&#8221;#8bd82d&#8221; header_4_font_size=&#8221;16px&#8221; header_4_letter_spacing=&#8221;1px&#8221; header_4_line_height=&#8221;1.5em&#8221; background_layout=&#8221;dark&#8221; custom_margin=&#8221;||3%||false|false&#8221; custom_margin_tablet=&#8221;&#8221; custom_margin_phone=&#8221;&#8221; custom_margin_last_edited=&#8221;on|phone&#8221; locked=&#8221;off&#8221;]<\/p>\n<h4>Tel\u00e8fons<\/h4>\n<p>(+34) 973 190 985 \u00a0 I \u00a0 666 492 409<\/p>\n<p>[\/et_pb_text][et_pb_text admin_label=&#8221;Texts&#8221; _builder_version=&#8221;4.2.2&#8243; text_font=&#8221;Varela Round||||||||&#8221; text_font_size=&#8221;16px&#8221; header_font=&#8221;Oswald|||on|&#8221; header_text_color=&#8221;#DCA57D&#8221; header_font_size=&#8221;16px&#8221; header_letter_spacing=&#8221;2px&#8221; header_line_height=&#8221;1.7em&#8221; header_4_font=&#8221;gotham-rounded-bold|||on|||||&#8221; header_4_text_color=&#8221;#8bd82d&#8221; header_4_font_size=&#8221;16px&#8221; header_4_letter_spacing=&#8221;1px&#8221; header_4_line_height=&#8221;1.5em&#8221; background_layout=&#8221;dark&#8221; custom_margin=&#8221;||3%||false|false&#8221; custom_margin_tablet=&#8221;&#8221; custom_margin_phone=&#8221;&#8221; custom_margin_last_edited=&#8221;on|phone&#8221; locked=&#8221;off&#8221;]<\/p>\n<h4>EMAIL<\/h4>\n<p>comercial@roscofruits.com<\/p>\n<p>[\/et_pb_text][et_pb_text admin_label=&#8221;Texts&#8221; _builder_version=&#8221;4.2.2&#8243; text_font=&#8221;Varela Round||||||||&#8221; text_font_size=&#8221;16px&#8221; header_font=&#8221;Oswald|||on|&#8221; header_text_color=&#8221;#DCA57D&#8221; header_font_size=&#8221;16px&#8221; header_letter_spacing=&#8221;2px&#8221; header_line_height=&#8221;1.7em&#8221; header_4_font=&#8221;gotham-rounded-bold|||on|||||&#8221; header_4_text_color=&#8221;#8bd82d&#8221; header_4_font_size=&#8221;16px&#8221; header_4_letter_spacing=&#8221;1px&#8221; header_4_line_height=&#8221;1.5em&#8221; background_layout=&#8221;dark&#8221; custom_margin=&#8221;||3%||false|false&#8221; custom_margin_tablet=&#8221;&#8221; custom_margin_phone=&#8221;&#8221; custom_margin_last_edited=&#8221;on|phone&#8221; locked=&#8221;off&#8221;]<\/p>\n<h4>DIRECCI\u00d3<\/h4>\n<p>Terme municipal d&#8217;Alcarr\u00e0s, Pla de les Vaqueries s\/n<br \/> 25180 Lleida<\/p>\n<p>[\/et_pb_text][et_pb_text admin_label=&#8221;Texts&#8221; _builder_version=&#8221;4.2.2&#8243; text_font=&#8221;Varela Round||||||||&#8221; text_font_size=&#8221;16px&#8221; header_font=&#8221;Oswald|||on|&#8221; header_text_color=&#8221;#DCA57D&#8221; header_font_size=&#8221;16px&#8221; header_letter_spacing=&#8221;2px&#8221; header_line_height=&#8221;1.7em&#8221; header_4_font=&#8221;gotham-rounded-bold|||on|||||&#8221; header_4_text_color=&#8221;#8bd82d&#8221; header_4_font_size=&#8221;16px&#8221; header_4_letter_spacing=&#8221;1px&#8221; header_4_line_height=&#8221;1.5em&#8221; background_layout=&#8221;dark&#8221; custom_margin=&#8221;||7px||false|false&#8221; custom_margin_tablet=&#8221;||6px||false|false&#8221; custom_margin_phone=&#8221;||4px||false|false&#8221; custom_margin_last_edited=&#8221;on|phone&#8221; locked=&#8221;off&#8221;]<\/p>\n<h4>SEGUEIX-NOS A LES XARXES!<\/h4>\n<p>[\/et_pb_text][et_pb_text content_last_edited=&#8221;off|desktop&#8221; admin_label=&#8221;Texts&#8221; _builder_version=&#8221;4.2.2&#8243; text_font=&#8221;Varela Round||||||||&#8221; text_font_size=&#8221;16px&#8221; header_font=&#8221;Oswald|||on|&#8221; header_text_color=&#8221;#DCA57D&#8221; header_font_size=&#8221;16px&#8221; header_letter_spacing=&#8221;2px&#8221; header_line_height=&#8221;1.7em&#8221; header_4_font=&#8221;gotham-rounded-bold|||on|||||&#8221; header_4_text_color=&#8221;#8bd82d&#8221; header_4_font_size=&#8221;16px&#8221; header_4_letter_spacing=&#8221;1px&#8221; header_4_line_height=&#8221;1.5em&#8221; background_layout=&#8221;dark&#8221; custom_margin=&#8221;||0px||false|false&#8221; custom_margin_tablet=&#8221;&#8221; custom_margin_phone=&#8221;&#8221; custom_margin_last_edited=&#8221;on|phone&#8221; link_option_url_new_window=&#8221;on&#8221; locked=&#8221;off&#8221;]<\/p>\n<p><a href=\"https:\/\/www.facebook.com\/roscofruitss\" target=\"_blank\" rel=\"noopener noreferrer\"><img loading=\"lazy\" alt=\"Cambiar imagen\" height=\"31\" onmouseout=\"this.src='https:\/\/www.roscofruits.com\/wp-content\/uploads\/2020\/10\/facebook.svg';\" onmouseover=\"this.src='https:\/\/www.roscofruits.com\/wp-content\/uploads\/2020\/10\/facebookhover.svg';\" src=\"https:\/\/www.roscofruits.com\/wp-content\/uploads\/2020\/10\/facebook.svg\" width=\"31\" \/><\/a>\u00a0 \u00a0<a href=\"https:\/\/www.instagram.com\/roscofruits\/\" target=\"_blank\" rel=\"noopener noreferrer\"><img loading=\"lazy\" alt=\"Cambiar imagen\" height=\"31\" onmouseout=\"this.src='https:\/\/www.roscofruits.com\/wp-content\/uploads\/2020\/10\/instagram.svg';\" onmouseover=\"this.src='https:\/\/www.roscofruits.com\/wp-content\/uploads\/2020\/10\/instagramhover.svg';\" src=\"https:\/\/www.roscofruits.com\/wp-content\/uploads\/2020\/10\/instagram.svg\" width=\"31\" \/><\/a><\/p>\n<p>[\/et_pb_text][\/et_pb_column][\/et_pb_row][\/et_pb_section]<\/p>\n","protected":false},"excerpt":{"rendered":"<p>POL\u00cdTICA DE PRIVACITATwww.roscofruits.com, con objeto de proteger los derechos individuales, sobre todo en relaci\u00f3n con los tratamientos automatizados y con la voluntad de ser transparentes con el usuario, ha establecido una pol\u00edtica que recoge el conjunto de dichos tratamientos, los fines perseguidos por estos \u00faltimos, la legitimidad de los mismos y tambi\u00e9n los instrumentos a [&hellip;]<\/p>\n","protected":false},"author":1,"featured_media":0,"parent":0,"menu_order":0,"comment_status":"closed","ping_status":"closed","template":"","meta":{"_et_pb_use_builder":"on","_et_pb_old_content":"","_et_gb_content_width":"","_mi_skip_tracking":false,"_links_to":"","_links_to_target":""},"_links":{"self":[{"href":"https:\/\/www.roscofruits.com\/ca\/wp-json\/wp\/v2\/pages\/1410"}],"collection":[{"href":"https:\/\/www.roscofruits.com\/ca\/wp-json\/wp\/v2\/pages"}],"about":[{"href":"https:\/\/www.roscofruits.com\/ca\/wp-json\/wp\/v2\/types\/page"}],"author":[{"embeddable":true,"href":"https:\/\/www.roscofruits.com\/ca\/wp-json\/wp\/v2\/users\/1"}],"replies":[{"embeddable":true,"href":"https:\/\/www.roscofruits.com\/ca\/wp-json\/wp\/v2\/comments?post=1410"}],"version-history":[{"count":4,"href":"https:\/\/www.roscofruits.com\/ca\/wp-json\/wp\/v2\/pages\/1410\/revisions"}],"predecessor-version":[{"id":1577,"href":"https:\/\/www.roscofruits.com\/ca\/wp-json\/wp\/v2\/pages\/1410\/revisions\/1577"}],"wp:attachment":[{"href":"https:\/\/www.roscofruits.com\/ca\/wp-json\/wp\/v2\/media?parent=1410"}],"curies":[{"name":"wp","href":"https:\/\/api.w.org\/{rel}","templated":true}]}}